{"id":170,"date":"2017-03-14T03:48:32","date_gmt":"2017-03-14T03:48:32","guid":{"rendered":"http:\/\/shtheme.com\/demosd\/smart\/?page_id=170"},"modified":"2022-01-06T10:30:18","modified_gmt":"2022-01-06T10:30:18","slug":"contact","status":"publish","type":"page","link":"https:\/\/kronosiletisim.com.tr\/index.php\/contact\/","title":{"rendered":"Contact"},"content":{"rendered":"<p>[vc_row][vc_column] \r\n            <section class=\"module-small module-parallax bg-light-60\" data-background=\"\">\r\n\r\n            <!-- HERO TEXT -->\r\n            <div class=\"container\">\r\n\r\n                <div class=\"row\">\r\n                    <div class=\"col-sm-12 text-center\">\r\n                        <h1 class=\"mh-line-size-3 font-alt m-b-20\">Contact Us<\/h1>\r\n                        <h5 class=\"mh-line-size-4 font-alt\"><\/h5>\r\n                    <\/div>\r\n                <\/div>\r\n\r\n            <\/div>\r\n            <!-- \/HERO TEXT -->\r\n\r\n        <\/section>\r\n        [\/vc_column][\/vc_row][vc_row ses_title=&#8221;Get In Touch&#8221; type_row=&#8221;clients&#8221;][vc_column width=&#8221;1\/12&#8243; type=&#8221;column&#8221;][\/vc_column][vc_column width=&#8221;1\/2&#8243; type=&#8221;column&#8221;] \r\n    <section id=\"module-maps\">\r\n\r\n            <div id=\"map\"><\/div>\r\n\r\n        <\/section>\r\n        <script src=\"https:\/\/maps.googleapis.com\/maps\/api\/js?key=AIzaSyDUP__KvpIQoApB59Ex1kUxshW6BOwH0j4 \"><\/script>\r\n    <script type=\"text\/javascript\">\r\n            \/\/ When the window has finished loading create our google map below\r\n            google.maps.event.addDomListener(window, 'load', init);\r\n        \r\n            function init() {\r\n                \/\/ Basic options for a simple Google Map\r\n                \/\/ For more options see: https:\/\/developers.google.com\/maps\/documentation\/javascript\/reference#MapOptions\r\n                var mapOptions = {\r\n                    \/\/ How zoomed in you want the map to start at (always required)\r\n                    zoom: 18,\r\n\r\n                    scrollwheel: false,\r\n\r\n                    \/\/ The latitude and longitude to center the map (always required)\r\n                    center: new google.maps.LatLng(41.0839255, 29.0043548), \/\/ New York\r\n\r\n                    \/\/ How you would like to style the map. \r\n                    \/\/ This is where you would paste any style found on Snazzy Maps.\r\n                    styles: [{\"featureType\":\"all\",\"elementType\":\"labels.text.fill\",\"stylers\":[{\"saturation\":36},{\"color\":\"#000000\"},{\"lightness\":40}]},{\"featureType\":\"all\",\"elementType\":\"labels.text.stroke\",\"stylers\":[{\"visibility\":\"on\"},{\"color\":\"#000000\"},{\"lightness\":16}]},{\"featureType\":\"all\",\"elementType\":\"labels.icon\",\"stylers\":[{\"visibility\":\"off\"}]},{\"featureType\":\"administrative\",\"elementType\":\"geometry.fill\",\"stylers\":[{\"color\":\"#000000\"},{\"lightness\":20}]},{\"featureType\":\"administrative\",\"elementType\":\"geometry.stroke\",\"stylers\":[{\"color\":\"#000000\"},{\"lightness\":17},{\"weight\":1.2}]},{\"featureType\":\"landscape\",\"elementType\":\"geometry\",\"stylers\":[{\"color\":\"#000000\"},{\"lightness\":20}]},{\"featureType\":\"poi\",\"elementType\":\"geometry\",\"stylers\":[{\"color\":\"#000000\"},{\"lightness\":21}]},{\"featureType\":\"road.highway\",\"elementType\":\"geometry.fill\",\"stylers\":[{\"color\":\"#000000\"},{\"lightness\":17}]},{\"featureType\":\"road.highway\",\"elementType\":\"geometry.stroke\",\"stylers\":[{\"color\":\"#000000\"},{\"lightness\":29},{\"weight\":0.2}]},{\"featureType\":\"road.arterial\",\"elementType\":\"geometry\",\"stylers\":[{\"color\":\"#000000\"},{\"lightness\":18}]},{\"featureType\":\"road.local\",\"elementType\":\"geometry\",\"stylers\":[{\"color\":\"#000000\"},{\"lightness\":16}]},{\"featureType\":\"transit\",\"elementType\":\"geometry\",\"stylers\":[{\"color\":\"#000000\"},{\"lightness\":19}]},{\"featureType\":\"water\",\"elementType\":\"geometry\",\"stylers\":[{\"color\":\"#000000\"},{\"lightness\":17}]}]\r\n                };\r\n\r\n                \/\/ Get the HTML DOM element that will contain your map \r\n                \/\/ We are using a div with id=\"map\" seen below in the <body>\r\n                var mapElement = document.getElementById('map');\r\n\r\n                \/\/ Create the Google Map using our element and options defined above\r\n                var map = new google.maps.Map(mapElement, mapOptions);\r\n\r\n                \/\/ Let's also add a marker while we're at it\r\n                var marker = new google.maps.Marker({\r\n                    position: new google.maps.LatLng(41.0839255, 29.0043548),\r\n                    map: map,\r\n                    title: 'Kronos \u0130leti\u015fim'\r\n                });\r\n            }\r\n    <\/script>\r\n    [\/vc_column][vc_column width=&#8221;1\/3&#8243; type=&#8221;column&#8221;] \r\n    <div class=\"alt-content-box\">\r\n        <div class=\"alt-content-box-icon\">\r\n            <i class=\"ion-paper-airplane\"><\/i>\r\n        <\/div>\r\n        <h5 class=\"alt-content-box-title font-alt\">\r\n            Say Hello        <\/h5>\r\n        Email: info@kronosiletisim.com.tr                <a href=\"\" class=\"section-scroll\"><\/a>    <\/div>\r\n     \r\n    <div class=\"alt-content-box\">\r\n        <div class=\"alt-content-box-icon\">\r\n            <i class=\"ion-map\"><\/i>\r\n        <\/div>\r\n        <h5 class=\"alt-content-box-title font-alt\">\r\n            Where to meet        <\/h5>\r\n        Kronos \u0130leti\u015fim<br \/>\n\u0130smet \u0130n\u00f6n\u00fc Caddesi, No:11 Daire: 502 Ka\u011f\u0131thane \/ 4 Levent \/ \u0130stanbul                <a href=\"#module-maps\" class=\"section-scroll\">Find us on map \u2192<\/a>    <\/div>\r\n    [\/vc_column][\/vc_row]<\/p>\n","protected":false},"excerpt":{"rendered":"<p>[vc_row][vc_column][\/vc_column][\/vc_row][vc_row ses_title=&#8221;Get In Touch&#8221; type_row=&#8221;clients&#8221;][vc_column width=&#8221;1\/12&#8243; type=&#8221;column&#8221;][\/vc_column][vc_column width=&#8221;1\/2&#8243; type=&#8221;column&#8221;][\/vc_column][vc_column width=&#8221;1\/3&#8243; type=&#8221;column&#8221;][\/vc_column][\/vc_row]<\/p>\n","protected":false},"author":1,"featured_media":0,"parent":0,"menu_order":0,"comment_status":"closed","ping_status":"closed","template":"page-templates\/template-home.php","meta":[],"yoast_head":"<!-- This site is optimized with the Yoast SEO plugin v17.9 - https:\/\/yoast.com\/wordpress\/plugins\/seo\/ -->\r\n<title>Contact - Kronos \u0130leti\u015fim<\/title>\r\n<meta name=\"robots\" content=\"index, follow, max-snippet:-1, max-image-preview:large, max-video-preview:-1\" \/>\r\n<link rel=\"canonical\" href=\"https:\/\/kronosiletisim.com.tr\/index.php\/contact\/\" \/>\r\n<meta property=\"og:locale\" content=\"en_US\" \/>\r\n<meta property=\"og:type\" content=\"article\" \/>\r\n<meta property=\"og:title\" content=\"Contact - Kronos \u0130leti\u015fim\" \/>\r\n<meta property=\"og:description\" content=\"[vc_row][vc_column][\/vc_column][\/vc_row][vc_row ses_title=&#8221;Get In Touch&#8221; type_row=&#8221;clients&#8221;][vc_column width=&#8221;1\/12&#8243; type=&#8221;column&#8221;][\/vc_column][vc_column width=&#8221;1\/2&#8243; type=&#8221;column&#8221;][\/vc_column][vc_column width=&#8221;1\/3&#8243; type=&#8221;column&#8221;][\/vc_column][\/vc_row]\" \/>\r\n<meta property=\"og:url\" content=\"https:\/\/kronosiletisim.com.tr\/index.php\/contact\/\" \/>\r\n<meta property=\"og:site_name\" content=\"Kronos \u0130leti\u015fim\" \/>\r\n<meta property=\"article:modified_time\" content=\"2022-01-06T10:30:18+00:00\" \/>\r\n<meta name=\"twitter:card\" content=\"summary_large_image\" \/>\r\n<meta name=\"twitter:label1\" content=\"Est. reading time\" \/>\n\t<meta name=\"twitter:data1\" content=\"1 minute\" \/>\r\n<script type=\"application\/ld+json\" class=\"yoast-schema-graph\">{\"@context\":\"https:\/\/schema.org\",\"@graph\":[{\"@type\":\"WebSite\",\"@id\":\"https:\/\/kronosiletisim.com.tr\/#website\",\"url\":\"https:\/\/kronosiletisim.com.tr\/\",\"name\":\"Kronos \\u0130leti\\u015fim\",\"description\":\"Just another WordPress site\",\"potentialAction\":[{\"@type\":\"SearchAction\",\"target\":{\"@type\":\"EntryPoint\",\"urlTemplate\":\"https:\/\/kronosiletisim.com.tr\/?s={search_term_string}\"},\"query-input\":\"required name=search_term_string\"}],\"inLanguage\":\"en-US\"},{\"@type\":\"WebPage\",\"@id\":\"https:\/\/kronosiletisim.com.tr\/index.php\/contact\/#webpage\",\"url\":\"https:\/\/kronosiletisim.com.tr\/index.php\/contact\/\",\"name\":\"Contact - Kronos \\u0130leti\\u015fim\",\"isPartOf\":{\"@id\":\"https:\/\/kronosiletisim.com.tr\/#website\"},\"datePublished\":\"2017-03-14T03:48:32+00:00\",\"dateModified\":\"2022-01-06T10:30:18+00:00\",\"breadcrumb\":{\"@id\":\"https:\/\/kronosiletisim.com.tr\/index.php\/contact\/#breadcrumb\"},\"inLanguage\":\"en-US\",\"potentialAction\":[{\"@type\":\"ReadAction\",\"target\":[\"https:\/\/kronosiletisim.com.tr\/index.php\/contact\/\"]}]},{\"@type\":\"BreadcrumbList\",\"@id\":\"https:\/\/kronosiletisim.com.tr\/index.php\/contact\/#breadcrumb\",\"itemListElement\":[{\"@type\":\"ListItem\",\"position\":1,\"name\":\"Home\",\"item\":\"https:\/\/kronosiletisim.com.tr\/\"},{\"@type\":\"ListItem\",\"position\":2,\"name\":\"Contact\"}]}]}<\/script>\r\n<!-- \/ Yoast SEO plugin. -->","yoast_head_json":{"title":"Contact - Kronos \u0130leti\u015fim","robots":{"index":"index","follow":"follow","max-snippet":"max-snippet:-1","max-image-preview":"max-image-preview:large","max-video-preview":"max-video-preview:-1"},"canonical":"https:\/\/kronosiletisim.com.tr\/index.php\/contact\/","og_locale":"en_US","og_type":"article","og_title":"Contact - Kronos \u0130leti\u015fim","og_description":"[vc_row][vc_column][\/vc_column][\/vc_row][vc_row ses_title=&#8221;Get In Touch&#8221; type_row=&#8221;clients&#8221;][vc_column width=&#8221;1\/12&#8243; type=&#8221;column&#8221;][\/vc_column][vc_column width=&#8221;1\/2&#8243; type=&#8221;column&#8221;][\/vc_column][vc_column width=&#8221;1\/3&#8243; type=&#8221;column&#8221;][\/vc_column][\/vc_row]","og_url":"https:\/\/kronosiletisim.com.tr\/index.php\/contact\/","og_site_name":"Kronos \u0130leti\u015fim","article_modified_time":"2022-01-06T10:30:18+00:00","twitter_card":"summary_large_image","twitter_misc":{"Est. reading time":"1 minute"},"schema":{"@context":"https:\/\/schema.org","@graph":[{"@type":"WebSite","@id":"https:\/\/kronosiletisim.com.tr\/#website","url":"https:\/\/kronosiletisim.com.tr\/","name":"Kronos \u0130leti\u015fim","description":"Just another WordPress site","potentialAction":[{"@type":"SearchAction","target":{"@type":"EntryPoint","urlTemplate":"https:\/\/kronosiletisim.com.tr\/?s={search_term_string}"},"query-input":"required name=search_term_string"}],"inLanguage":"en-US"},{"@type":"WebPage","@id":"https:\/\/kronosiletisim.com.tr\/index.php\/contact\/#webpage","url":"https:\/\/kronosiletisim.com.tr\/index.php\/contact\/","name":"Contact - Kronos \u0130leti\u015fim","isPartOf":{"@id":"https:\/\/kronosiletisim.com.tr\/#website"},"datePublished":"2017-03-14T03:48:32+00:00","dateModified":"2022-01-06T10:30:18+00:00","breadcrumb":{"@id":"https:\/\/kronosiletisim.com.tr\/index.php\/contact\/#breadcrumb"},"inLanguage":"en-US","potentialAction":[{"@type":"ReadAction","target":["https:\/\/kronosiletisim.com.tr\/index.php\/contact\/"]}]},{"@type":"BreadcrumbList","@id":"https:\/\/kronosiletisim.com.tr\/index.php\/contact\/#breadcrumb","itemListElement":[{"@type":"ListItem","position":1,"name":"Home","item":"https:\/\/kronosiletisim.com.tr\/"},{"@type":"ListItem","position":2,"name":"Contact"}]}]}},"_links":{"self":[{"href":"https:\/\/kronosiletisim.com.tr\/index.php\/wp-json\/wp\/v2\/pages\/170"}],"collection":[{"href":"https:\/\/kronosiletisim.com.tr\/index.php\/wp-json\/wp\/v2\/pages"}],"about":[{"href":"https:\/\/kronosiletisim.com.tr\/index.php\/wp-json\/wp\/v2\/types\/page"}],"author":[{"embeddable":true,"href":"https:\/\/kronosiletisim.com.tr\/index.php\/wp-json\/wp\/v2\/users\/1"}],"replies":[{"embeddable":true,"href":"https:\/\/kronosiletisim.com.tr\/index.php\/wp-json\/wp\/v2\/comments?post=170"}],"version-history":[{"count":7,"href":"https:\/\/kronosiletisim.com.tr\/index.php\/wp-json\/wp\/v2\/pages\/170\/revisions"}],"predecessor-version":[{"id":411,"href":"https:\/\/kronosiletisim.com.tr\/index.php\/wp-json\/wp\/v2\/pages\/170\/revisions\/411"}],"wp:attachment":[{"href":"https:\/\/kronosiletisim.com.tr\/index.php\/wp-json\/wp\/v2\/media?parent=170"}],"curies":[{"name":"wp","href":"https:\/\/api.w.org\/{rel}","templated":true}]}}